{"id":4981,"date":"2024-09-27T07:39:01","date_gmt":"2024-09-27T07:39:01","guid":{"rendered":"https:\/\/www.aularuralhortadepinyana.com\/es\/?page_id=4981"},"modified":"2024-09-27T07:39:01","modified_gmt":"2024-09-27T07:39:01","slug":"condiciones-de-compra","status":"publish","type":"page","link":"https:\/\/www.aularuralhortadepinyana.com\/es\/condiciones-de-compra\/","title":{"rendered":"Condiciones de compra"},"content":{"rendered":"<div class=\"fusion-fullwidth fullwidth-box fusion-builder-row-1 fusion-flex-container has-pattern-background has-mask-background nonhundred-percent-fullwidth non-hundred-percent-height-scrolling\" style=\"--awb-border-radius-top-left:0px;--awb-border-radius-top-right:0px;--awb-border-radius-bottom-right:0px;--awb-border-radius-bottom-left:0px;--awb-flex-wrap:wrap;\" ><div class=\"fusion-builder-row fusion-row fusion-flex-align-items-flex-start fusion-flex-content-wrap\" style=\"max-width:1248px;margin-left: calc(-4% \/ 2 );margin-right: calc(-4% \/ 2 );\"><div class=\"fusion-layout-column fusion_builder_column fusion-builder-column-0 fusion_builder_column_1_1 1_1 fusion-flex-column\" style=\"--awb-bg-size:cover;--awb-width-large:100%;--awb-margin-top-large:40px;--awb-spacing-right-large:1.92%;--awb-margin-bottom-large:40px;--awb-spacing-left-large:1.92%;--awb-width-medium:100%;--awb-order-medium:0;--awb-spacing-right-medium:1.92%;--awb-spacing-left-medium:1.92%;--awb-width-small:100%;--awb-order-small:0;--awb-spacing-right-small:1.92%;--awb-spacing-left-small:1.92%;\" data-scroll-devices=\"small-visibility,medium-visibility,large-visibility\"><div class=\"fusion-column-wrapper fusion-column-has-shadow fusion-flex-justify-content-flex-start fusion-content-layout-column\"><div class=\"fusion-text fusion-text-1\"><div style=\"text-align: justify;\">\n<h1><strong>CONDICIONES DE COMPRA<\/strong><\/h1>\n<p style=\"padding-left: 30px;\">Las presentes Condiciones Generales de Compra regulen el uso del sitio web, https:\/\/www.aularuralhortadepinyana.com\/, del que AULA RURAL HORTA DE PINYANA (LLU\u00cdS TORRELLES PIJUAN) es titular. Los dominios https:\/\/www.aularuralhortadepinyana.com\/, con todos los subdominios asociados, pertenecen a AULA RURAL HORTA DE PINYANA (LLU\u00cdS TORRELLES PIJUAN), CIF: 47678618D con domicilio en C\/ Segla del cap n\u00famero 1 primer segona.<\/p>\n<p style=\"padding-left: 30px;\">Por cualquier consulta, puede contactar con nosotros a trav\u00e9s del tel\u00e9fono 609 84 58 73, o enviando un correo electr\u00f3nico a info@aularuralhortadepinyana.com.<\/p>\n<p style=\"padding-left: 30px;\">En cumplimiento de lo dispuesto en la Ley 34\/2002, de 11 de julio, de Servicios de la Sociedad de la Informaci\u00f3n y Comercio Electr\u00f3nico, y otra normativa de aplicaci\u00f3n, AULA RURAL HORTA DE PINYANA (LLU\u00cdS TORRELLES PIJUAN) informa:<\/p>\n<p><strong>1.- Objeto<\/strong><\/p>\n<p style=\"padding-left: 30px;\">Las Condiciones de compra establecen los derechos y obligaciones de todos los usuarios de la tienda online AULA RURAL HORTA DE PINYANA (LLU\u00cdS TORRELLES PIJUAN), en relaci\u00f3n a los servicios que ofrecemos a trav\u00e9s de nuestro sitio web https:\/\/www.aularuralhortadepinyana.com\/.<\/p>\n<p style=\"padding-left: 30px;\">Al utilizar el sitio web https:\/\/www.aularuralhortadepinyana.com\/ o realizar una reserva a trav\u00e9s del mismo, usted es consciente de la vinculaci\u00f3n con estas Condiciones y nuestra Pol\u00edtica de Privacidad, por lo que, si usted no est\u00e1 de acuerdo con todas las Condiciones y con la Pol\u00edtica de Privacidad, no debe realizar ninguna reserva.<\/p>\n<p style=\"padding-left: 30px;\">El sitio web https:\/\/www.aularuralhortadepinyana.com\/ tiene por objeto la reserva de una estancia en AULA RURAL HORTA DE PINYANA, con la posibilidad de pago de la reserva.<\/p>\n<p><strong>2.- Reservas<\/strong><\/p>\n<p style=\"padding-left: 30px;\">El realizar una reserva en https:\/\/www.aularuralhortadepinyana.com\/ equivale a la aceptaci\u00f3n plena y entera de los precios, de la descripci\u00f3n de los servicios a la venta y de las condiciones generales de venta, que ser\u00e1n las \u00fanicas aplicables al contrato as\u00ed concluido.<\/p>\n<p style=\"padding-left: 30px;\">El comprador se compromete a hacer uso del sitio web https:\/\/www.aularuralhortadepinyana.com\/ s\u00f3lo para realizar consultas o reservas legalmente v\u00e1lidas. Tambi\u00e9n se obliga al comprador a facilitar de forma cierta y correcta sus datos de contacto, consintiendo as\u00ed mismo el poder hacer uso de esta informaci\u00f3n para ponernos en contacto con \u00e9l si fuera necesario.<\/p>\n<p style=\"padding-left: 30px;\">El realizar una reserva a trav\u00e9s de https:\/\/www.aularuralhortadepinyana.com\/ garantiza estar plenamente autorizado para utilizar la tarjeta de pago, en caso de elegir esta modalidad de pago. S\u00f3lo las personas con la capacidad jur\u00eddica necesaria para suscribir contratos.<\/p>\n<p style=\"padding-left: 30px;\">AULA RURAL HORTA DE PINYANA (LLU\u00cdS TORRELLES PIJUAN) ofrece la posibilidad de efectuar el pago a trav\u00e9s de tarjeta o Bizum. El cargo en la tarjeta de cr\u00e9dito se realiza en el mismo momento de realizar la reserva, a trav\u00e9s de la pasarela de pago de la entidad financiera correspondiente y una vez comprobado que los datos comunicados son correctos.<\/p>\n<p style=\"padding-left: 30px;\">En este sentido, los datos confidenciales son transmitidos de forma encriptada (SSL) a la entidad financiera correspondiente. El sistema de encriptaci\u00f3n SSL que utilizamos confiere total seguridad a la transmisi\u00f3n de datos a trav\u00e9s de la red. Sus datos gozan de total confidencialidad y protecci\u00f3n.<\/p>\n<p style=\"padding-left: 30px;\">La seguridad en la compra electr\u00f3nica est\u00e1 garantizada por la correspondiente entidad financiera. \u00c9sta dispone de los medios de seguridad necesarios para identificar posibles errores en los datos facilitados al hacer de pago con tarjeta o Bizum.<\/p>\n<p style=\"padding-left: 30px;\">Los datos sobre las tarjetas de cr\u00e9dito no quedan registrados en ninguna base de datos nuestra. Se utilizar\u00e1n \u00fanicamente en el TPV (Terminal Punto de Venta) virtual de la entidad financiera correspondiente, a trav\u00e9s de su Pasarela de Pago Seguro.<\/p>\n<p style=\"padding-left: 30px;\">Las tarjetas de cr\u00e9dito est\u00e1n sujetas a comprobaciones y autorizaciones por parte de la entidad emisora \u200b\u200bde las mismas, pero si la entidad no autorizara el pago, no nos haremos responsables por ning\u00fan retraso o falta de entrega y no podremos formalizar ning\u00fan contrato con usted.<\/p>\n<p style=\"padding-left: 30px;\">AULA RURAL HORTA DE PINYANA (LLU\u00cdS TORRELLES PIJUAN) se reserva el derecho a cambiar las modalidades de pago y puede crear nuevas o eliminar alguna de las existentes, sin que el usuario\/cliente de https:\/\/www.aularuralhortadepinyana.com\/ pueda realizar reclamaciones por ese motivo. Sin embargo, si el cambio en la modalidad de pago afectase a una reserva ya realizada, desde https:\/\/www.aularuralhortadepinyana.com\/ nos pondr\u00edamos en contacto con el cliente para informar de este cambio, ofreciendo la opci\u00f3n de cancelaci\u00f3n si lo considera conveniente.<\/p>\n<p><strong>3.- Informaci\u00f3n y consultas<\/strong><\/p>\n<p style=\"padding-left: 30px;\">Para cualquier informaci\u00f3n sobre reservas web o sobre las caracter\u00edsticas de las estancias y reservas que ofrecemos, as\u00ed como para comunicarnos cualquier tipo de incidencia o reclamaci\u00f3n referente a la compra online, ponemos a su disposici\u00f3n la p\u00e1gina de Contacto del portal, enviando un correo electr\u00f3nico a info@aularuralhortadepinyana.com.<\/p>\n<p><strong>4.- Devoluciones<\/strong><\/p>\n<p style=\"padding-left: 30px;\">La reserva es reembolsable en caso de anulaci\u00f3n 14 d\u00edas antes de la fecha de llegada; hasta 7 d\u00edas antes de la llegada se pueden modificar las fechas de la estancia siempre que haya disponibilidad. En otro caso, la reserva no ser\u00e1 reembolsable.<\/p>\n<p style=\"padding-left: 30px;\">Para cancelar la reserva, deber\u00e1 ponerse en contacto con AULA RURAL HORTA DE PINYANA a trav\u00e9s del correo electr\u00f3nico info@aularuralhortadepinyana.com e indicar en\u2019asunto del mensaje \u201cCancelaci\u00f3n\u201d.<\/p>\n<p><strong>5.- Responsabilidad<\/strong><\/p>\n<p style=\"padding-left: 30px;\">AULA RURAL HORTA DE PINYANA (LLU\u00cdS TORRELLES PIJUAN) no podr\u00e1 ser considerada responsable del incumplimiento del contrato suscrito en caso de causa de fuerza mayor, de interrupci\u00f3n de la actividad.<\/p>\n<p style=\"padding-left: 30px;\">Lo dispuesto en la presente cl\u00e1usula no afectar\u00e1 a los derechos reconocidos por ley en calidad de consumidor, ni al derecho de desistir del contrato.<\/p>\n<p style=\"padding-left: 30px;\">En caso de litigio, el cliente podr\u00e1 dirigirse, en primer lugar, a AULA RURAL HORTA DE PINYANA (LLU\u00cdS TORRELLES PIJUAN) para llegar a una resoluci\u00f3n amistosa.<\/p>\n<p><strong>6.- Ley aplicable<\/strong><\/p>\n<p style=\"padding-left: 30px;\">Las presentes Condiciones Generales se regir\u00e1n e interpretar\u00e1n de acuerdo a la legislaci\u00f3n vigente. Para cualquier litigio derivado de las relaciones comerciales entre el usuario y AULA RURAL HORTA DE PINYANA (LLU\u00cdS TORRELLES PIJUAN), las partes acuerdan someter a lo dispuesto en la legislaci\u00f3n vigente en la materia.<\/p>\n<\/div>\n<\/div><\/div><\/div><\/div><\/div>\n","protected":false},"excerpt":{"rendered":"","protected":false},"author":1,"featured_media":0,"parent":0,"menu_order":0,"comment_status":"closed","ping_status":"closed","template":"","meta":{"om_disable_all_campaigns":false,"_monsterinsights_skip_tracking":false,"_monsterinsights_sitenote_active":false,"_monsterinsights_sitenote_note":"","_monsterinsights_sitenote_category":0,"footnotes":""},"aioseo_notices":[],"_links":{"self":[{"href":"https:\/\/www.aularuralhortadepinyana.com\/es\/wp-json\/wp\/v2\/pages\/4981"}],"collection":[{"href":"https:\/\/www.aularuralhortadepinyana.com\/es\/wp-json\/wp\/v2\/pages"}],"about":[{"href":"https:\/\/www.aularuralhortadepinyana.com\/es\/wp-json\/wp\/v2\/types\/page"}],"author":[{"embeddable":true,"href":"https:\/\/www.aularuralhortadepinyana.com\/es\/wp-json\/wp\/v2\/users\/1"}],"replies":[{"embeddable":true,"href":"https:\/\/www.aularuralhortadepinyana.com\/es\/wp-json\/wp\/v2\/comments?post=4981"}],"version-history":[{"count":1,"href":"https:\/\/www.aularuralhortadepinyana.com\/es\/wp-json\/wp\/v2\/pages\/4981\/revisions"}],"predecessor-version":[{"id":4982,"href":"https:\/\/www.aularuralhortadepinyana.com\/es\/wp-json\/wp\/v2\/pages\/4981\/revisions\/4982"}],"wp:attachment":[{"href":"https:\/\/www.aularuralhortadepinyana.com\/es\/wp-json\/wp\/v2\/media?parent=4981"}],"curies":[{"name":"wp","href":"https:\/\/api.w.org\/{rel}","templated":true}]}}